{"id":29,"date":"2025-01-11T00:00:00","date_gmt":"2025-01-10T23:00:00","guid":{"rendered":"https:\/\/wp.adimin.org\/?page_id=29"},"modified":"2025-01-11T00:00:00","modified_gmt":"2025-01-10T23:00:00","slug":"les-rencontres-et-expositions-st-laurent-dagny","status":"publish","type":"page","link":"https:\/\/wp.adimin.org\/?page_id=29","title":{"rendered":"St Laurent d&rsquo;Agny 2013"},"content":{"rendered":"<p>Une partie de l&rsquo;\u00e9quipe des mini-routiers d&rsquo;ADImin avait fait le d\u00e9placement \u00e0 l&rsquo;exposition de mod\u00e9lisme de St Laurent d&rsquo;Agny organis\u00e9 par \u00ab\u00a0Le lien des St Laurent\u00a0\u00bb, le weekend du 21 et 2 Septembre, voici quelques photos souvenir:<\/p>\nngg_shortcode_0_placeholder\n","protected":false},"excerpt":{"rendered":"<p>Une partie de l&rsquo;\u00e9quipe des mini-routiers d&rsquo;ADImin avait fait le d\u00e9placement \u00e0 l&rsquo;exposition de mod\u00e9lisme de St Laurent d&rsquo;Agny organis\u00e9 par \u00ab\u00a0Le lien des St Laurent\u00a0\u00bb, le weekend du 21 et 2 Septembre, voici quelques photos souvenir:<\/p>\n","protected":false},"author":1,"featured_media":0,"parent":0,"menu_order":0,"comment_status":"closed","ping_status":"closed","template":"","meta":{"ngg_post_thumbnail":0,"footnotes":""},"class_list":["post-29","page","type-page","status-publish","hentry"],"_links":{"self":[{"href":"https:\/\/wp.adimin.org\/index.php?rest_route=\/wp\/v2\/pages\/29","targetHints":{"allow":["GET"]}}],"collection":[{"href":"https:\/\/wp.adimin.org\/index.php?rest_route=\/wp\/v2\/pages"}],"about":[{"href":"https:\/\/wp.adimin.org\/index.php?rest_route=\/wp\/v2\/types\/page"}],"author":[{"embeddable":true,"href":"https:\/\/wp.adimin.org\/index.php?rest_route=\/wp\/v2\/users\/1"}],"replies":[{"embeddable":true,"href":"https:\/\/wp.adimin.org\/index.php?rest_route=%2Fwp%2Fv2%2Fcomments&post=29"}],"version-history":[{"count":0,"href":"https:\/\/wp.adimin.org\/index.php?rest_route=\/wp\/v2\/pages\/29\/revisions"}],"wp:attachment":[{"href":"https:\/\/wp.adimin.org\/index.php?rest_route=%2Fwp%2Fv2%2Fmedia&parent=29"}],"curies":[{"name":"wp","href":"https:\/\/api.w.org\/{rel}","templated":true}]}}