{"id":4383,"date":"2025-01-11T00:00:00","date_gmt":"2025-01-10T23:00:00","guid":{"rendered":"https:\/\/wp.adimin.org\/?page_id=4383"},"modified":"2025-01-11T00:00:00","modified_gmt":"2025-01-10T23:00:00","slug":"expos-camions-rc-au-motor-show-avignon-2014-2","status":"publish","type":"page","link":"https:\/\/wp.adimin.org\/?page_id=4383","title":{"rendered":"Camions-rc au Motor Show Avignon 2014"},"content":{"rendered":"<p>Quelques membres d&rsquo;ADImin ont rejoint l&rsquo;association \u00ab\u00a0Les minitoutiers du sud\u00a0\u00bb pour animer l&rsquo;espace camions-rc du Motor Show 2014 d&rsquo;Avignon.<\/p>\n<p>Voici quelques photos souvenir.<\/p>\n<p>\u00c2\u00c2\u00c2&nbsp;<\/p>\nngg_shortcode_0_placeholder\n","protected":false},"excerpt":{"rendered":"<p>Quelques membres d&rsquo;ADImin ont rejoint l&rsquo;association \u00ab\u00a0Les minitoutiers du sud\u00a0\u00bb pour animer l&rsquo;espace camions-rc du Motor Show 2014 d&rsquo;Avignon. Voici quelques photos souvenir. \u00c2\u00c2\u00c2&nbsp;<\/p>\n","protected":false},"author":1,"featured_media":0,"parent":0,"menu_order":0,"comment_status":"closed","ping_status":"closed","template":"","meta":{"ngg_post_thumbnail":0,"footnotes":""},"class_list":["post-4383","page","type-page","status-publish","hentry"],"_links":{"self":[{"href":"https:\/\/wp.adimin.org\/index.php?rest_route=\/wp\/v2\/pages\/4383","targetHints":{"allow":["GET"]}}],"collection":[{"href":"https:\/\/wp.adimin.org\/index.php?rest_route=\/wp\/v2\/pages"}],"about":[{"href":"https:\/\/wp.adimin.org\/index.php?rest_route=\/wp\/v2\/types\/page"}],"author":[{"embeddable":true,"href":"https:\/\/wp.adimin.org\/index.php?rest_route=\/wp\/v2\/users\/1"}],"replies":[{"embeddable":true,"href":"https:\/\/wp.adimin.org\/index.php?rest_route=%2Fwp%2Fv2%2Fcomments&post=4383"}],"version-history":[{"count":0,"href":"https:\/\/wp.adimin.org\/index.php?rest_route=\/wp\/v2\/pages\/4383\/revisions"}],"wp:attachment":[{"href":"https:\/\/wp.adimin.org\/index.php?rest_route=%2Fwp%2Fv2%2Fmedia&parent=4383"}],"curies":[{"name":"wp","href":"https:\/\/api.w.org\/{rel}","templated":true}]}}