{"id":4385,"date":"2025-01-11T00:00:00","date_gmt":"2025-01-10T23:00:00","guid":{"rendered":"https:\/\/wp.adimin.org\/?page_id=4385"},"modified":"2025-01-11T00:00:00","modified_gmt":"2025-01-10T23:00:00","slug":"expos-montelimar-3-et-4-mai-2014-2","status":"publish","type":"page","link":"https:\/\/wp.adimin.org\/?page_id=4385","title":{"rendered":"Mont\u00e9limar, 3 et 4 Mai 2014"},"content":{"rendered":"<p>L&rsquo;\u00e9quipe camions-rc d&rsquo;ADImin, renforc\u00e9e par quelques membres des \u00ab\u00a0Miniroutiers du sud\u00a0\u00bb, ont anim\u00e9s un espace camions radiocommand\u00e9s \u00e0 l&rsquo;exposition de mod\u00e9lisme organis\u00e9e le 3 et 4 mai 2014 par l&rsquo;association \u00ab\u00a0les Papykits\u00a0\u00bb.<\/p>\nngg_shortcode_0_placeholder\n","protected":false},"excerpt":{"rendered":"<p>L&rsquo;\u00e9quipe camions-rc d&rsquo;ADImin, renforc\u00e9e par quelques membres des \u00ab\u00a0Miniroutiers du sud\u00a0\u00bb, ont anim\u00e9s un espace camions radiocommand\u00e9s \u00e0 l&rsquo;exposition de mod\u00e9lisme organis\u00e9e le 3 et 4 mai 2014 par l&rsquo;association \u00ab\u00a0les Papykits\u00a0\u00bb.<\/p>\n","protected":false},"author":1,"featured_media":0,"parent":0,"menu_order":0,"comment_status":"closed","ping_status":"closed","template":"","meta":{"ngg_post_thumbnail":0,"footnotes":""},"class_list":["post-4385","page","type-page","status-publish","hentry"],"_links":{"self":[{"href":"https:\/\/wp.adimin.org\/index.php?rest_route=\/wp\/v2\/pages\/4385","targetHints":{"allow":["GET"]}}],"collection":[{"href":"https:\/\/wp.adimin.org\/index.php?rest_route=\/wp\/v2\/pages"}],"about":[{"href":"https:\/\/wp.adimin.org\/index.php?rest_route=\/wp\/v2\/types\/page"}],"author":[{"embeddable":true,"href":"https:\/\/wp.adimin.org\/index.php?rest_route=\/wp\/v2\/users\/1"}],"replies":[{"embeddable":true,"href":"https:\/\/wp.adimin.org\/index.php?rest_route=%2Fwp%2Fv2%2Fcomments&post=4385"}],"version-history":[{"count":0,"href":"https:\/\/wp.adimin.org\/index.php?rest_route=\/wp\/v2\/pages\/4385\/revisions"}],"wp:attachment":[{"href":"https:\/\/wp.adimin.org\/index.php?rest_route=%2Fwp%2Fv2%2Fmedia&parent=4385"}],"curies":[{"name":"wp","href":"https:\/\/api.w.org\/{rel}","templated":true}]}}