{"id":9,"date":"2025-01-11T00:00:00","date_gmt":"2025-01-10T23:00:00","guid":{"rendered":"https:\/\/wp.adimin.org\/?page_id=9"},"modified":"2025-01-11T00:00:00","modified_gmt":"2025-01-10T23:00:00","slug":"mini-trucks-expo-mini-trucks-expo-2012","status":"publish","type":"page","link":"https:\/\/wp.adimin.org\/?page_id=9","title":{"rendered":"Mini Trucks Expo 2012"},"content":{"rendered":"<h1>Mini Trucks Expo 2012<\/h1>\n<p>Pour la seconde fois, ADImin organise une grande expo de mod\u00e9lisme, sur le th\u00e8me de camion rc, de l&rsquo;engin de chantier et du char.<\/p>\n<p>Au vu du succ\u00e8s de la premi\u00e8re \u00e9dition en 2010, l&rsquo;association a r\u00e9serv\u00e9 deux salle pour une surface totale doubl\u00e9e, soit plus de 2000m\u00b2 d&rsquo;exposition.<\/p>\n<p>Avec la participation du forum camions-rc, des chars des clubs CMNR, 505RCC et de nos amis Suisses de l&rsquo;\u00e9quipe de la Mini Batellerie d&rsquo;Yverdon, ADImin a accueilli encore plus de mod\u00e9listes pour ce weekend d\u00e9di\u00e9 \u00e0 la passion du camion radiocommand\u00e9, des chars et du TP rc.<\/p>\n<p>Voici quelques images de cette rencontre:<\/p>\nngg_shortcode_0_placeholder\n","protected":false},"excerpt":{"rendered":"<p>Mini Trucks Expo 2012 Pour la seconde fois, ADImin organise une grande expo de mod\u00e9lisme, sur le th\u00e8me de camion rc, de l&rsquo;engin de chantier et du char. Au vu du succ\u00e8s de la premi\u00e8re \u00e9dition en 2010, l&rsquo;association a r\u00e9serv\u00e9 deux salle pour une surface totale doubl\u00e9e, soit plus de 2000m\u00b2 d&rsquo;exposition. Avec la [&hellip;]<\/p>\n","protected":false},"author":1,"featured_media":0,"parent":8,"menu_order":0,"comment_status":"closed","ping_status":"closed","template":"","meta":{"ngg_post_thumbnail":0,"footnotes":""},"class_list":["post-9","page","type-page","status-publish","hentry"],"_links":{"self":[{"href":"https:\/\/wp.adimin.org\/index.php?rest_route=\/wp\/v2\/pages\/9","targetHints":{"allow":["GET"]}}],"collection":[{"href":"https:\/\/wp.adimin.org\/index.php?rest_route=\/wp\/v2\/pages"}],"about":[{"href":"https:\/\/wp.adimin.org\/index.php?rest_route=\/wp\/v2\/types\/page"}],"author":[{"embeddable":true,"href":"https:\/\/wp.adimin.org\/index.php?rest_route=\/wp\/v2\/users\/1"}],"replies":[{"embeddable":true,"href":"https:\/\/wp.adimin.org\/index.php?rest_route=%2Fwp%2Fv2%2Fcomments&post=9"}],"version-history":[{"count":0,"href":"https:\/\/wp.adimin.org\/index.php?rest_route=\/wp\/v2\/pages\/9\/revisions"}],"up":[{"embeddable":true,"href":"https:\/\/wp.adimin.org\/index.php?rest_route=\/wp\/v2\/pages\/8"}],"wp:attachment":[{"href":"https:\/\/wp.adimin.org\/index.php?rest_route=%2Fwp%2Fv2%2Fmedia&parent=9"}],"curies":[{"name":"wp","href":"https:\/\/api.w.org\/{rel}","templated":true}]}}